{"id":1797,"date":"2021-10-08T08:45:32","date_gmt":"2021-10-08T07:45:32","guid":{"rendered":"https:\/\/www.chocolatesmaua.com\/producto\/inclusiones-naranja-confitada\/"},"modified":"2025-06-09T11:28:55","modified_gmt":"2025-06-09T10:28:55","slug":"inclusiones-naranja-confitada","status":"publish","type":"product","link":"https:\/\/www.chocolatesmaua.com\/ca\/producto\/inclusiones-naranja-confitada\/","title":{"rendered":"Inclusions Taronja Confitada"},"content":{"rendered":"","protected":false},"excerpt":{"rendered":"<p><strong>ORIGEN:<\/strong> Am\u00e8rica \u2013 Nicaragua \u2013 Waslala<br \/>\n<strong>INGREDIENTS:<\/strong> Taronja confitada, cacau: 65% grans de cacau \/ Altres: 5% de mantega natural de cacau i 30% de sucre de canya sense refinar ecol\u00f2gic de Paraguai, procedent de cooperatives de Paraguai i elaborat segons criteris de Comer\u00e7 Just. Les inclusions poden ser sota comanda segons el gust del consumidor.<br \/>\nAquest xocolata no cont\u00e9 ni lecitina ni aromes naturals ni artificials.<\/p>\n<p><a href=\"http:\/\/www.chocolatesmaua.com\/inclusiones\/\"><strong>Per a m\u00e9s informaci\u00f3, consulta la fitxa<\/strong><\/a><\/p>\n<p><a href=\"https:\/\/www.chocolatesmaua.com\/wp-content\/uploads\/2022\/05\/Naranjas-confitadas-70.pdf\"><strong>Descarrega la fitxa t\u00e8cnica<\/strong><\/a><\/p>\n","protected":false},"featured_media":1617,"template":"","meta":[],"product_brand":[],"product_cat":[52,49,50,48],"product_tag":[],"class_list":{"0":"post-1797","1":"product","2":"type-product","3":"status-publish","4":"has-post-thumbnail","6":"product_cat-40gr-ca","7":"product_cat-70gr-ca","8":"product_cat-bean-to-bar-single-origin-ca","9":"product_cat-todos-ca","11":"first","12":"instock","13":"taxable","14":"shipping-taxable","15":"purchasable","16":"product-type-variable","17":"has-default-attributes"},"yoast_head":"<!-- This site is optimized with the Yoast SEO plugin v26.5 - https:\/\/yoast.com\/wordpress\/plugins\/seo\/ -->\n<title>Inclusions Taronja Confitada - Chocolates Ma\u00fca<\/title>\n<meta name=\"description\" content=\"Taronja Confitada, Cacau: 65% grans de cacau \/ Altres: 5% de mantega natural de cacau i 30% sucre de canya sense refinar ecol\u00f2gica del Paraguai, procedent de cooperatives del Paraguai i elaborat segons criteris de Comer\u00e7 Just. Les inclusions poden ser sota comanda al gust del consumidor. Aquesta xocolata no cont\u00e9 ni lecitina ni aromes naturals o artificials.\" \/>\n<meta name=\"robots\" content=\"index, follow, max-snippet:-1, max-image-preview:large, max-video-preview:-1\" \/>\n<link rel=\"canonical\" href=\"https:\/\/www.chocolatesmaua.com\/ca\/producto\/inclusiones-naranja-confitada\/\" \/>\n<meta property=\"og:locale\" content=\"ca_ES\" \/>\n<meta property=\"og:type\" content=\"article\" \/>\n<meta property=\"og:title\" content=\"Inclusions Taronja Confitada - Chocolates Ma\u00fca\" \/>\n<meta property=\"og:description\" content=\"Taronja Confitada, Cacau: 65% grans de cacau \/ Altres: 5% de mantega natural de cacau i 30% sucre de canya sense refinar ecol\u00f2gica del Paraguai, procedent de cooperatives del Paraguai i elaborat segons criteris de Comer\u00e7 Just. Les inclusions poden ser sota comanda al gust del consumidor. Aquesta xocolata no cont\u00e9 ni lecitina ni aromes naturals o artificials.\" \/>\n<meta property=\"og:url\" content=\"https:\/\/www.chocolatesmaua.com\/ca\/producto\/inclusiones-naranja-confitada\/\" \/>\n<meta property=\"og:site_name\" content=\"Chocolates Ma\u00fca\" \/>\n<meta property=\"article:modified_time\" content=\"2025-06-09T10:28:55+00:00\" \/>\n<meta property=\"og:image\" content=\"https:\/\/www.chocolatesmaua.com\/wp-content\/uploads\/2021\/10\/NARANJA_PRODUCTOS_MAUA.jpg\" \/>\n\t<meta property=\"og:image:width\" content=\"960\" \/>\n\t<meta property=\"og:image:height\" content=\"960\" \/>\n\t<meta property=\"og:image:type\" content=\"image\/jpeg\" \/>\n<meta name=\"twitter:card\" content=\"summary_large_image\" \/>\n<meta name=\"twitter:label1\" content=\"Temps estimat de lectura\" \/>\n\t<meta name=\"twitter:data1\" content=\"1 minut\" \/>\n<script type=\"application\/ld+json\" class=\"yoast-schema-graph\">{\"@context\":\"https:\/\/schema.org\",\"@graph\":[{\"@type\":\"WebPage\",\"@id\":\"https:\/\/www.chocolatesmaua.com\/ca\/producto\/inclusiones-naranja-confitada\/\",\"url\":\"https:\/\/www.chocolatesmaua.com\/ca\/producto\/inclusiones-naranja-confitada\/\",\"name\":\"Inclusions Taronja Confitada - Chocolates Ma\u00fca\",\"isPartOf\":{\"@id\":\"https:\/\/www.chocolatesmaua.com\/ca\/#website\"},\"primaryImageOfPage\":{\"@id\":\"https:\/\/www.chocolatesmaua.com\/ca\/producto\/inclusiones-naranja-confitada\/#primaryimage\"},\"image\":{\"@id\":\"https:\/\/www.chocolatesmaua.com\/ca\/producto\/inclusiones-naranja-confitada\/#primaryimage\"},\"thumbnailUrl\":\"https:\/\/i0.wp.com\/www.chocolatesmaua.com\/wp-content\/uploads\/2021\/10\/NARANJA_PRODUCTOS_MAUA.jpg?fit=960%2C960&ssl=1\",\"datePublished\":\"2021-10-08T07:45:32+00:00\",\"dateModified\":\"2025-06-09T10:28:55+00:00\",\"description\":\"Taronja Confitada, Cacau: 65% grans de cacau \/ Altres: 5% de mantega natural de cacau i 30% sucre de canya sense refinar ecol\u00f2gica del Paraguai, procedent de cooperatives del Paraguai i elaborat segons criteris de Comer\u00e7 Just. Les inclusions poden ser sota comanda al gust del consumidor. Aquesta xocolata no cont\u00e9 ni lecitina ni aromes naturals o artificials.\",\"breadcrumb\":{\"@id\":\"https:\/\/www.chocolatesmaua.com\/ca\/producto\/inclusiones-naranja-confitada\/#breadcrumb\"},\"inLanguage\":\"ca\",\"potentialAction\":[{\"@type\":\"ReadAction\",\"target\":[\"https:\/\/www.chocolatesmaua.com\/ca\/producto\/inclusiones-naranja-confitada\/\"]}]},{\"@type\":\"ImageObject\",\"inLanguage\":\"ca\",\"@id\":\"https:\/\/www.chocolatesmaua.com\/ca\/producto\/inclusiones-naranja-confitada\/#primaryimage\",\"url\":\"https:\/\/i0.wp.com\/www.chocolatesmaua.com\/wp-content\/uploads\/2021\/10\/NARANJA_PRODUCTOS_MAUA.jpg?fit=960%2C960&ssl=1\",\"contentUrl\":\"https:\/\/i0.wp.com\/www.chocolatesmaua.com\/wp-content\/uploads\/2021\/10\/NARANJA_PRODUCTOS_MAUA.jpg?fit=960%2C960&ssl=1\",\"width\":960,\"height\":960},{\"@type\":\"BreadcrumbList\",\"@id\":\"https:\/\/www.chocolatesmaua.com\/ca\/producto\/inclusiones-naranja-confitada\/#breadcrumb\",\"itemListElement\":[{\"@type\":\"ListItem\",\"position\":1,\"name\":\"Portada\",\"item\":\"https:\/\/www.chocolatesmaua.com\/ca\/\"},{\"@type\":\"ListItem\",\"position\":2,\"name\":\"Tienda\",\"item\":\"https:\/\/www.chocolatesmaua.com\/tienda\/\"},{\"@type\":\"ListItem\",\"position\":3,\"name\":\"Inclusions Taronja Confitada\"}]},{\"@type\":\"WebSite\",\"@id\":\"https:\/\/www.chocolatesmaua.com\/ca\/#website\",\"url\":\"https:\/\/www.chocolatesmaua.com\/ca\/\",\"name\":\"Chocolates Ma\u00fca\",\"description\":\"Con lo mejor de Mallorca y del Tr\u00f3pico\",\"publisher\":{\"@id\":\"https:\/\/www.chocolatesmaua.com\/ca\/#organization\"},\"potentialAction\":[{\"@type\":\"SearchAction\",\"target\":{\"@type\":\"EntryPoint\",\"urlTemplate\":\"https:\/\/www.chocolatesmaua.com\/ca\/?s={search_term_string}\"},\"query-input\":{\"@type\":\"PropertyValueSpecification\",\"valueRequired\":true,\"valueName\":\"search_term_string\"}}],\"inLanguage\":\"ca\"},{\"@type\":\"Organization\",\"@id\":\"https:\/\/www.chocolatesmaua.com\/ca\/#organization\",\"name\":\"Chocolates Ma\u00fca\",\"url\":\"https:\/\/www.chocolatesmaua.com\/ca\/\",\"logo\":{\"@type\":\"ImageObject\",\"inLanguage\":\"ca\",\"@id\":\"https:\/\/www.chocolatesmaua.com\/ca\/#\/schema\/logo\/image\/\",\"url\":\"https:\/\/i0.wp.com\/www.chocolatesmaua.com\/wp-content\/uploads\/2021\/02\/logo-movil.png?fit=200%2C64&ssl=1\",\"contentUrl\":\"https:\/\/i0.wp.com\/www.chocolatesmaua.com\/wp-content\/uploads\/2021\/02\/logo-movil.png?fit=200%2C64&ssl=1\",\"width\":200,\"height\":64,\"caption\":\"Chocolates Ma\u00fca\"},\"image\":{\"@id\":\"https:\/\/www.chocolatesmaua.com\/ca\/#\/schema\/logo\/image\/\"}}]}<\/script>\n<!-- \/ Yoast SEO plugin. -->","yoast_head_json":{"title":"Inclusions Taronja Confitada - Chocolates Ma\u00fca","description":"Taronja Confitada, Cacau: 65% grans de cacau \/ Altres: 5% de mantega natural de cacau i 30% sucre de canya sense refinar ecol\u00f2gica del Paraguai, procedent de cooperatives del Paraguai i elaborat segons criteris de Comer\u00e7 Just. Les inclusions poden ser sota comanda al gust del consumidor. Aquesta xocolata no cont\u00e9 ni lecitina ni aromes naturals o artificials.","robots":{"index":"index","follow":"follow","max-snippet":"max-snippet:-1","max-image-preview":"max-image-preview:large","max-video-preview":"max-video-preview:-1"},"canonical":"https:\/\/www.chocolatesmaua.com\/ca\/producto\/inclusiones-naranja-confitada\/","og_locale":"ca_ES","og_type":"article","og_title":"Inclusions Taronja Confitada - Chocolates Ma\u00fca","og_description":"Taronja Confitada, Cacau: 65% grans de cacau \/ Altres: 5% de mantega natural de cacau i 30% sucre de canya sense refinar ecol\u00f2gica del Paraguai, procedent de cooperatives del Paraguai i elaborat segons criteris de Comer\u00e7 Just. Les inclusions poden ser sota comanda al gust del consumidor. Aquesta xocolata no cont\u00e9 ni lecitina ni aromes naturals o artificials.","og_url":"https:\/\/www.chocolatesmaua.com\/ca\/producto\/inclusiones-naranja-confitada\/","og_site_name":"Chocolates Ma\u00fca","article_modified_time":"2025-06-09T10:28:55+00:00","og_image":[{"width":960,"height":960,"url":"https:\/\/www.chocolatesmaua.com\/wp-content\/uploads\/2021\/10\/NARANJA_PRODUCTOS_MAUA.jpg","type":"image\/jpeg"}],"twitter_card":"summary_large_image","twitter_misc":{"Temps estimat de lectura":"1 minut"},"schema":{"@context":"https:\/\/schema.org","@graph":[{"@type":"WebPage","@id":"https:\/\/www.chocolatesmaua.com\/ca\/producto\/inclusiones-naranja-confitada\/","url":"https:\/\/www.chocolatesmaua.com\/ca\/producto\/inclusiones-naranja-confitada\/","name":"Inclusions Taronja Confitada - Chocolates Ma\u00fca","isPartOf":{"@id":"https:\/\/www.chocolatesmaua.com\/ca\/#website"},"primaryImageOfPage":{"@id":"https:\/\/www.chocolatesmaua.com\/ca\/producto\/inclusiones-naranja-confitada\/#primaryimage"},"image":{"@id":"https:\/\/www.chocolatesmaua.com\/ca\/producto\/inclusiones-naranja-confitada\/#primaryimage"},"thumbnailUrl":"https:\/\/i0.wp.com\/www.chocolatesmaua.com\/wp-content\/uploads\/2021\/10\/NARANJA_PRODUCTOS_MAUA.jpg?fit=960%2C960&ssl=1","datePublished":"2021-10-08T07:45:32+00:00","dateModified":"2025-06-09T10:28:55+00:00","description":"Taronja Confitada, Cacau: 65% grans de cacau \/ Altres: 5% de mantega natural de cacau i 30% sucre de canya sense refinar ecol\u00f2gica del Paraguai, procedent de cooperatives del Paraguai i elaborat segons criteris de Comer\u00e7 Just. Les inclusions poden ser sota comanda al gust del consumidor. Aquesta xocolata no cont\u00e9 ni lecitina ni aromes naturals o artificials.","breadcrumb":{"@id":"https:\/\/www.chocolatesmaua.com\/ca\/producto\/inclusiones-naranja-confitada\/#breadcrumb"},"inLanguage":"ca","potentialAction":[{"@type":"ReadAction","target":["https:\/\/www.chocolatesmaua.com\/ca\/producto\/inclusiones-naranja-confitada\/"]}]},{"@type":"ImageObject","inLanguage":"ca","@id":"https:\/\/www.chocolatesmaua.com\/ca\/producto\/inclusiones-naranja-confitada\/#primaryimage","url":"https:\/\/i0.wp.com\/www.chocolatesmaua.com\/wp-content\/uploads\/2021\/10\/NARANJA_PRODUCTOS_MAUA.jpg?fit=960%2C960&ssl=1","contentUrl":"https:\/\/i0.wp.com\/www.chocolatesmaua.com\/wp-content\/uploads\/2021\/10\/NARANJA_PRODUCTOS_MAUA.jpg?fit=960%2C960&ssl=1","width":960,"height":960},{"@type":"BreadcrumbList","@id":"https:\/\/www.chocolatesmaua.com\/ca\/producto\/inclusiones-naranja-confitada\/#breadcrumb","itemListElement":[{"@type":"ListItem","position":1,"name":"Portada","item":"https:\/\/www.chocolatesmaua.com\/ca\/"},{"@type":"ListItem","position":2,"name":"Tienda","item":"https:\/\/www.chocolatesmaua.com\/tienda\/"},{"@type":"ListItem","position":3,"name":"Inclusions Taronja Confitada"}]},{"@type":"WebSite","@id":"https:\/\/www.chocolatesmaua.com\/ca\/#website","url":"https:\/\/www.chocolatesmaua.com\/ca\/","name":"Chocolates Ma\u00fca","description":"Con lo mejor de Mallorca y del Tr\u00f3pico","publisher":{"@id":"https:\/\/www.chocolatesmaua.com\/ca\/#organization"},"potentialAction":[{"@type":"SearchAction","target":{"@type":"EntryPoint","urlTemplate":"https:\/\/www.chocolatesmaua.com\/ca\/?s={search_term_string}"},"query-input":{"@type":"PropertyValueSpecification","valueRequired":true,"valueName":"search_term_string"}}],"inLanguage":"ca"},{"@type":"Organization","@id":"https:\/\/www.chocolatesmaua.com\/ca\/#organization","name":"Chocolates Ma\u00fca","url":"https:\/\/www.chocolatesmaua.com\/ca\/","logo":{"@type":"ImageObject","inLanguage":"ca","@id":"https:\/\/www.chocolatesmaua.com\/ca\/#\/schema\/logo\/image\/","url":"https:\/\/i0.wp.com\/www.chocolatesmaua.com\/wp-content\/uploads\/2021\/02\/logo-movil.png?fit=200%2C64&ssl=1","contentUrl":"https:\/\/i0.wp.com\/www.chocolatesmaua.com\/wp-content\/uploads\/2021\/02\/logo-movil.png?fit=200%2C64&ssl=1","width":200,"height":64,"caption":"Chocolates Ma\u00fca"},"image":{"@id":"https:\/\/www.chocolatesmaua.com\/ca\/#\/schema\/logo\/image\/"}}]}},"jetpack_sharing_enabled":true,"_links":{"self":[{"href":"https:\/\/www.chocolatesmaua.com\/ca\/wp-json\/wp\/v2\/product\/1797","targetHints":{"allow":["GET"]}}],"collection":[{"href":"https:\/\/www.chocolatesmaua.com\/ca\/wp-json\/wp\/v2\/product"}],"about":[{"href":"https:\/\/www.chocolatesmaua.com\/ca\/wp-json\/wp\/v2\/types\/product"}],"wp:featuredmedia":[{"embeddable":true,"href":"https:\/\/www.chocolatesmaua.com\/ca\/wp-json\/wp\/v2\/media\/1617"}],"wp:attachment":[{"href":"https:\/\/www.chocolatesmaua.com\/ca\/wp-json\/wp\/v2\/media?parent=1797"}],"wp:term":[{"taxonomy":"product_brand","embeddable":true,"href":"https:\/\/www.chocolatesmaua.com\/ca\/wp-json\/wp\/v2\/product_brand?post=1797"},{"taxonomy":"product_cat","embeddable":true,"href":"https:\/\/www.chocolatesmaua.com\/ca\/wp-json\/wp\/v2\/product_cat?post=1797"},{"taxonomy":"product_tag","embeddable":true,"href":"https:\/\/www.chocolatesmaua.com\/ca\/wp-json\/wp\/v2\/product_tag?post=1797"}],"curies":[{"name":"wp","href":"https:\/\/api.w.org\/{rel}","templated":true}]}}