{"id":2892,"date":"2025-03-19T14:39:37","date_gmt":"2025-03-19T13:39:37","guid":{"rendered":"https:\/\/www.chocolatesmaua.com\/producto\/nicaragua-75-hierbas-dulces\/"},"modified":"2025-06-10T08:20:18","modified_gmt":"2025-06-10T07:20:18","slug":"nicaragua-75-herbes-dolces-moya","status":"publish","type":"product","link":"https:\/\/www.chocolatesmaua.com\/ca\/producto\/nicaragua-75-herbes-dolces-moya\/","title":{"rendered":"Nicaragua 75% d&#8217;Herbes Dolces Moy\u00e0"},"content":{"rendered":"","protected":false},"excerpt":{"rendered":"<p><strong>ORIGEN:<\/strong> Am\u00e8rica \u2013 Nicaragua \u2013 Waslala<br \/>\n<strong>INGREDIENTS:<\/strong> Cacau: 72% grans de cacau \/ Altres: 3% de mantega natural de cacau i 25% de sucre de canya sense refinar ecol\u00f2gic de Paraguai, procedent de cooperatives de Paraguai i elaborat segons criteris de Comer\u00e7 Just.<br \/>\nAquest xocolata no cont\u00e9 ni lecitina ni aromes naturals ni artificials.<\/p>\n<p><a href=\"http:\/\/www.chocolatesmaua.com\/nicaragua\/\"><strong>Per a m\u00e9s informaci\u00f3, consulta la fitxa<\/strong><\/a><\/p>\n","protected":false},"featured_media":2705,"template":"","meta":[],"product_brand":[],"product_cat":[49,50,48],"product_tag":[],"class_list":{"0":"post-2892","1":"product","2":"type-product","3":"status-publish","4":"has-post-thumbnail","6":"product_cat-70gr-ca","7":"product_cat-bean-to-bar-single-origin-ca","8":"product_cat-todos-ca","10":"first","11":"instock","12":"taxable","13":"shipping-taxable","14":"purchasable","15":"product-type-variable"},"yoast_head":"<!-- This site is optimized with the Yoast SEO plugin v26.5 - https:\/\/yoast.com\/wordpress\/plugins\/seo\/ -->\n<title>Nicaragua 75% d&#039;Herbes Dolces Moy\u00e0 - Chocolates Ma\u00fca<\/title>\n<meta name=\"description\" content=\"Cacao: 72% granos de cacao \/ Otros: 3% de manteca natural de cacao y 25% az\u00facar de ca\u00f1a sin refinar ecol\u00f3gica de Paraguay, procedente de cooperativas de Paraguay y elaborado seg\u00fan criterios de Comercio Justo.\" \/>\n<meta name=\"robots\" content=\"index, follow, max-snippet:-1, max-image-preview:large, max-video-preview:-1\" \/>\n<link rel=\"canonical\" href=\"https:\/\/www.chocolatesmaua.com\/ca\/producto\/nicaragua-75-herbes-dolces-moya\/\" \/>\n<meta property=\"og:locale\" content=\"ca_ES\" \/>\n<meta property=\"og:type\" content=\"article\" \/>\n<meta property=\"og:title\" content=\"Nicaragua 75% d&#039;Herbes Dolces Moy\u00e0 - Chocolates Ma\u00fca\" \/>\n<meta property=\"og:description\" content=\"Cacao: 72% granos de cacao \/ Otros: 3% de manteca natural de cacao y 25% az\u00facar de ca\u00f1a sin refinar ecol\u00f3gica de Paraguay, procedente de cooperativas de Paraguay y elaborado seg\u00fan criterios de Comercio Justo.\" \/>\n<meta property=\"og:url\" content=\"https:\/\/www.chocolatesmaua.com\/ca\/producto\/nicaragua-75-herbes-dolces-moya\/\" \/>\n<meta property=\"og:site_name\" content=\"Chocolates Ma\u00fca\" \/>\n<meta property=\"article:modified_time\" content=\"2025-06-10T07:20:18+00:00\" \/>\n<meta property=\"og:image\" content=\"https:\/\/www.chocolatesmaua.com\/wp-content\/uploads\/2025\/03\/75_MAUA_ESPECIAL_HIERBAS_DULCES.jpg\" \/>\n\t<meta property=\"og:image:width\" content=\"960\" \/>\n\t<meta property=\"og:image:height\" content=\"960\" \/>\n\t<meta property=\"og:image:type\" content=\"image\/jpeg\" \/>\n<meta name=\"twitter:card\" content=\"summary_large_image\" \/>\n<meta name=\"twitter:label1\" content=\"Temps estimat de lectura\" \/>\n\t<meta name=\"twitter:data1\" content=\"1 minut\" \/>\n<script type=\"application\/ld+json\" class=\"yoast-schema-graph\">{\"@context\":\"https:\/\/schema.org\",\"@graph\":[{\"@type\":\"WebPage\",\"@id\":\"https:\/\/www.chocolatesmaua.com\/ca\/producto\/nicaragua-75-herbes-dolces-moya\/\",\"url\":\"https:\/\/www.chocolatesmaua.com\/ca\/producto\/nicaragua-75-herbes-dolces-moya\/\",\"name\":\"Nicaragua 75% d'Herbes Dolces Moy\u00e0 - Chocolates Ma\u00fca\",\"isPartOf\":{\"@id\":\"https:\/\/www.chocolatesmaua.com\/ca\/#website\"},\"primaryImageOfPage\":{\"@id\":\"https:\/\/www.chocolatesmaua.com\/ca\/producto\/nicaragua-75-herbes-dolces-moya\/#primaryimage\"},\"image\":{\"@id\":\"https:\/\/www.chocolatesmaua.com\/ca\/producto\/nicaragua-75-herbes-dolces-moya\/#primaryimage\"},\"thumbnailUrl\":\"https:\/\/i0.wp.com\/www.chocolatesmaua.com\/wp-content\/uploads\/2025\/03\/75_MAUA_ESPECIAL_HIERBAS_DULCES.jpg?fit=960%2C960&ssl=1\",\"datePublished\":\"2025-03-19T13:39:37+00:00\",\"dateModified\":\"2025-06-10T07:20:18+00:00\",\"description\":\"Cacao: 72% granos de cacao \/ Otros: 3% de manteca natural de cacao y 25% az\u00facar de ca\u00f1a sin refinar ecol\u00f3gica de Paraguay, procedente de cooperativas de Paraguay y elaborado seg\u00fan criterios de Comercio Justo.\",\"breadcrumb\":{\"@id\":\"https:\/\/www.chocolatesmaua.com\/ca\/producto\/nicaragua-75-herbes-dolces-moya\/#breadcrumb\"},\"inLanguage\":\"ca\",\"potentialAction\":[{\"@type\":\"ReadAction\",\"target\":[\"https:\/\/www.chocolatesmaua.com\/ca\/producto\/nicaragua-75-herbes-dolces-moya\/\"]}]},{\"@type\":\"ImageObject\",\"inLanguage\":\"ca\",\"@id\":\"https:\/\/www.chocolatesmaua.com\/ca\/producto\/nicaragua-75-herbes-dolces-moya\/#primaryimage\",\"url\":\"https:\/\/i0.wp.com\/www.chocolatesmaua.com\/wp-content\/uploads\/2025\/03\/75_MAUA_ESPECIAL_HIERBAS_DULCES.jpg?fit=960%2C960&ssl=1\",\"contentUrl\":\"https:\/\/i0.wp.com\/www.chocolatesmaua.com\/wp-content\/uploads\/2025\/03\/75_MAUA_ESPECIAL_HIERBAS_DULCES.jpg?fit=960%2C960&ssl=1\",\"width\":960,\"height\":960},{\"@type\":\"BreadcrumbList\",\"@id\":\"https:\/\/www.chocolatesmaua.com\/ca\/producto\/nicaragua-75-herbes-dolces-moya\/#breadcrumb\",\"itemListElement\":[{\"@type\":\"ListItem\",\"position\":1,\"name\":\"Portada\",\"item\":\"https:\/\/www.chocolatesmaua.com\/ca\/\"},{\"@type\":\"ListItem\",\"position\":2,\"name\":\"Tienda\",\"item\":\"https:\/\/www.chocolatesmaua.com\/tienda\/\"},{\"@type\":\"ListItem\",\"position\":3,\"name\":\"Nicaragua 75% d&#8217;Herbes Dolces Moy\u00e0\"}]},{\"@type\":\"WebSite\",\"@id\":\"https:\/\/www.chocolatesmaua.com\/ca\/#website\",\"url\":\"https:\/\/www.chocolatesmaua.com\/ca\/\",\"name\":\"Chocolates Ma\u00fca\",\"description\":\"Con lo mejor de Mallorca y del Tr\u00f3pico\",\"publisher\":{\"@id\":\"https:\/\/www.chocolatesmaua.com\/ca\/#organization\"},\"potentialAction\":[{\"@type\":\"SearchAction\",\"target\":{\"@type\":\"EntryPoint\",\"urlTemplate\":\"https:\/\/www.chocolatesmaua.com\/ca\/?s={search_term_string}\"},\"query-input\":{\"@type\":\"PropertyValueSpecification\",\"valueRequired\":true,\"valueName\":\"search_term_string\"}}],\"inLanguage\":\"ca\"},{\"@type\":\"Organization\",\"@id\":\"https:\/\/www.chocolatesmaua.com\/ca\/#organization\",\"name\":\"Chocolates Ma\u00fca\",\"url\":\"https:\/\/www.chocolatesmaua.com\/ca\/\",\"logo\":{\"@type\":\"ImageObject\",\"inLanguage\":\"ca\",\"@id\":\"https:\/\/www.chocolatesmaua.com\/ca\/#\/schema\/logo\/image\/\",\"url\":\"https:\/\/i0.wp.com\/www.chocolatesmaua.com\/wp-content\/uploads\/2021\/02\/logo-movil.png?fit=200%2C64&ssl=1\",\"contentUrl\":\"https:\/\/i0.wp.com\/www.chocolatesmaua.com\/wp-content\/uploads\/2021\/02\/logo-movil.png?fit=200%2C64&ssl=1\",\"width\":200,\"height\":64,\"caption\":\"Chocolates Ma\u00fca\"},\"image\":{\"@id\":\"https:\/\/www.chocolatesmaua.com\/ca\/#\/schema\/logo\/image\/\"}}]}<\/script>\n<!-- \/ Yoast SEO plugin. -->","yoast_head_json":{"title":"Nicaragua 75% d'Herbes Dolces Moy\u00e0 - Chocolates Ma\u00fca","description":"Cacao: 72% granos de cacao \/ Otros: 3% de manteca natural de cacao y 25% az\u00facar de ca\u00f1a sin refinar ecol\u00f3gica de Paraguay, procedente de cooperativas de Paraguay y elaborado seg\u00fan criterios de Comercio Justo.","robots":{"index":"index","follow":"follow","max-snippet":"max-snippet:-1","max-image-preview":"max-image-preview:large","max-video-preview":"max-video-preview:-1"},"canonical":"https:\/\/www.chocolatesmaua.com\/ca\/producto\/nicaragua-75-herbes-dolces-moya\/","og_locale":"ca_ES","og_type":"article","og_title":"Nicaragua 75% d'Herbes Dolces Moy\u00e0 - Chocolates Ma\u00fca","og_description":"Cacao: 72% granos de cacao \/ Otros: 3% de manteca natural de cacao y 25% az\u00facar de ca\u00f1a sin refinar ecol\u00f3gica de Paraguay, procedente de cooperativas de Paraguay y elaborado seg\u00fan criterios de Comercio Justo.","og_url":"https:\/\/www.chocolatesmaua.com\/ca\/producto\/nicaragua-75-herbes-dolces-moya\/","og_site_name":"Chocolates Ma\u00fca","article_modified_time":"2025-06-10T07:20:18+00:00","og_image":[{"width":960,"height":960,"url":"https:\/\/www.chocolatesmaua.com\/wp-content\/uploads\/2025\/03\/75_MAUA_ESPECIAL_HIERBAS_DULCES.jpg","type":"image\/jpeg"}],"twitter_card":"summary_large_image","twitter_misc":{"Temps estimat de lectura":"1 minut"},"schema":{"@context":"https:\/\/schema.org","@graph":[{"@type":"WebPage","@id":"https:\/\/www.chocolatesmaua.com\/ca\/producto\/nicaragua-75-herbes-dolces-moya\/","url":"https:\/\/www.chocolatesmaua.com\/ca\/producto\/nicaragua-75-herbes-dolces-moya\/","name":"Nicaragua 75% d'Herbes Dolces Moy\u00e0 - Chocolates Ma\u00fca","isPartOf":{"@id":"https:\/\/www.chocolatesmaua.com\/ca\/#website"},"primaryImageOfPage":{"@id":"https:\/\/www.chocolatesmaua.com\/ca\/producto\/nicaragua-75-herbes-dolces-moya\/#primaryimage"},"image":{"@id":"https:\/\/www.chocolatesmaua.com\/ca\/producto\/nicaragua-75-herbes-dolces-moya\/#primaryimage"},"thumbnailUrl":"https:\/\/i0.wp.com\/www.chocolatesmaua.com\/wp-content\/uploads\/2025\/03\/75_MAUA_ESPECIAL_HIERBAS_DULCES.jpg?fit=960%2C960&ssl=1","datePublished":"2025-03-19T13:39:37+00:00","dateModified":"2025-06-10T07:20:18+00:00","description":"Cacao: 72% granos de cacao \/ Otros: 3% de manteca natural de cacao y 25% az\u00facar de ca\u00f1a sin refinar ecol\u00f3gica de Paraguay, procedente de cooperativas de Paraguay y elaborado seg\u00fan criterios de Comercio Justo.","breadcrumb":{"@id":"https:\/\/www.chocolatesmaua.com\/ca\/producto\/nicaragua-75-herbes-dolces-moya\/#breadcrumb"},"inLanguage":"ca","potentialAction":[{"@type":"ReadAction","target":["https:\/\/www.chocolatesmaua.com\/ca\/producto\/nicaragua-75-herbes-dolces-moya\/"]}]},{"@type":"ImageObject","inLanguage":"ca","@id":"https:\/\/www.chocolatesmaua.com\/ca\/producto\/nicaragua-75-herbes-dolces-moya\/#primaryimage","url":"https:\/\/i0.wp.com\/www.chocolatesmaua.com\/wp-content\/uploads\/2025\/03\/75_MAUA_ESPECIAL_HIERBAS_DULCES.jpg?fit=960%2C960&ssl=1","contentUrl":"https:\/\/i0.wp.com\/www.chocolatesmaua.com\/wp-content\/uploads\/2025\/03\/75_MAUA_ESPECIAL_HIERBAS_DULCES.jpg?fit=960%2C960&ssl=1","width":960,"height":960},{"@type":"BreadcrumbList","@id":"https:\/\/www.chocolatesmaua.com\/ca\/producto\/nicaragua-75-herbes-dolces-moya\/#breadcrumb","itemListElement":[{"@type":"ListItem","position":1,"name":"Portada","item":"https:\/\/www.chocolatesmaua.com\/ca\/"},{"@type":"ListItem","position":2,"name":"Tienda","item":"https:\/\/www.chocolatesmaua.com\/tienda\/"},{"@type":"ListItem","position":3,"name":"Nicaragua 75% d&#8217;Herbes Dolces Moy\u00e0"}]},{"@type":"WebSite","@id":"https:\/\/www.chocolatesmaua.com\/ca\/#website","url":"https:\/\/www.chocolatesmaua.com\/ca\/","name":"Chocolates Ma\u00fca","description":"Con lo mejor de Mallorca y del Tr\u00f3pico","publisher":{"@id":"https:\/\/www.chocolatesmaua.com\/ca\/#organization"},"potentialAction":[{"@type":"SearchAction","target":{"@type":"EntryPoint","urlTemplate":"https:\/\/www.chocolatesmaua.com\/ca\/?s={search_term_string}"},"query-input":{"@type":"PropertyValueSpecification","valueRequired":true,"valueName":"search_term_string"}}],"inLanguage":"ca"},{"@type":"Organization","@id":"https:\/\/www.chocolatesmaua.com\/ca\/#organization","name":"Chocolates Ma\u00fca","url":"https:\/\/www.chocolatesmaua.com\/ca\/","logo":{"@type":"ImageObject","inLanguage":"ca","@id":"https:\/\/www.chocolatesmaua.com\/ca\/#\/schema\/logo\/image\/","url":"https:\/\/i0.wp.com\/www.chocolatesmaua.com\/wp-content\/uploads\/2021\/02\/logo-movil.png?fit=200%2C64&ssl=1","contentUrl":"https:\/\/i0.wp.com\/www.chocolatesmaua.com\/wp-content\/uploads\/2021\/02\/logo-movil.png?fit=200%2C64&ssl=1","width":200,"height":64,"caption":"Chocolates Ma\u00fca"},"image":{"@id":"https:\/\/www.chocolatesmaua.com\/ca\/#\/schema\/logo\/image\/"}}]}},"jetpack_sharing_enabled":true,"_links":{"self":[{"href":"https:\/\/www.chocolatesmaua.com\/ca\/wp-json\/wp\/v2\/product\/2892","targetHints":{"allow":["GET"]}}],"collection":[{"href":"https:\/\/www.chocolatesmaua.com\/ca\/wp-json\/wp\/v2\/product"}],"about":[{"href":"https:\/\/www.chocolatesmaua.com\/ca\/wp-json\/wp\/v2\/types\/product"}],"wp:featuredmedia":[{"embeddable":true,"href":"https:\/\/www.chocolatesmaua.com\/ca\/wp-json\/wp\/v2\/media\/2705"}],"wp:attachment":[{"href":"https:\/\/www.chocolatesmaua.com\/ca\/wp-json\/wp\/v2\/media?parent=2892"}],"wp:term":[{"taxonomy":"product_brand","embeddable":true,"href":"https:\/\/www.chocolatesmaua.com\/ca\/wp-json\/wp\/v2\/product_brand?post=2892"},{"taxonomy":"product_cat","embeddable":true,"href":"https:\/\/www.chocolatesmaua.com\/ca\/wp-json\/wp\/v2\/product_cat?post=2892"},{"taxonomy":"product_tag","embeddable":true,"href":"https:\/\/www.chocolatesmaua.com\/ca\/wp-json\/wp\/v2\/product_tag?post=2892"}],"curies":[{"name":"wp","href":"https:\/\/api.w.org\/{rel}","templated":true}]}}