{"id":2905,"date":"2025-03-19T14:53:48","date_gmt":"2025-03-19T13:53:48","guid":{"rendered":"https:\/\/www.chocolatesmaua.com\/producto\/colombia-68\/"},"modified":"2025-06-10T08:27:50","modified_gmt":"2025-06-10T07:27:50","slug":"colombia-68","status":"publish","type":"product","link":"https:\/\/www.chocolatesmaua.com\/ca\/producto\/colombia-68\/","title":{"rendered":"Colombia 68%"},"content":{"rendered":"","protected":false},"excerpt":{"rendered":"<p><strong>ORIGEN:<\/strong> Am\u00e8rica \u2013 Colombia &#8211; Boyaca<br \/>\n<strong>INGREDIENTS:<\/strong> Nibs de cacau, sucre ecol\u00f2gic de canya i mantega de cacau.<br data-start=\"58\" data-end=\"61\" \/>(Pot contenir traces de fruits secs)<\/p>\n<p>Aquest xocolata no cont\u00e9 ni lecitina ni aromes naturals ni artificials<\/p>\n<p>&nbsp;<\/p>\n","protected":false},"featured_media":2725,"template":"","meta":[],"product_brand":[],"product_cat":[49,50,48],"product_tag":[],"class_list":{"0":"post-2905","1":"product","2":"type-product","3":"status-publish","4":"has-post-thumbnail","6":"product_cat-70gr-ca","7":"product_cat-bean-to-bar-single-origin-ca","8":"product_cat-todos-ca","10":"first","11":"instock","12":"taxable","13":"shipping-taxable","14":"purchasable","15":"product-type-variable","16":"has-default-attributes"},"yoast_head":"<!-- This site is optimized with the Yoast SEO plugin v26.5 - https:\/\/yoast.com\/wordpress\/plugins\/seo\/ -->\n<title>Colombia 68% - Chocolates Ma\u00fca<\/title>\n<meta name=\"description\" content=\"Cacao: 65% granos de cacao. Con piel de lim\u00f3n confitada. Otros: 5% de manteca natural de cacao y 30% az\u00facar de ca\u00f1a sin refinar ecol\u00f3gica de Paraguay, procedente de cooperativas de Paraguay y elaborado seg\u00fan criterios de Comercio Justo.Este chocolate no contiene ni lecitina ni aromas naturales o artificiales.\" \/>\n<meta name=\"robots\" content=\"index, follow, max-snippet:-1, max-image-preview:large, max-video-preview:-1\" \/>\n<link rel=\"canonical\" href=\"https:\/\/www.chocolatesmaua.com\/ca\/producto\/colombia-68\/\" \/>\n<meta property=\"og:locale\" content=\"ca_ES\" \/>\n<meta property=\"og:type\" content=\"article\" \/>\n<meta property=\"og:title\" content=\"Colombia 68% - Chocolates Ma\u00fca\" \/>\n<meta property=\"og:description\" content=\"Cacao: 65% granos de cacao. Con piel de lim\u00f3n confitada. Otros: 5% de manteca natural de cacao y 30% az\u00facar de ca\u00f1a sin refinar ecol\u00f3gica de Paraguay, procedente de cooperativas de Paraguay y elaborado seg\u00fan criterios de Comercio Justo.Este chocolate no contiene ni lecitina ni aromas naturales o artificiales.\" \/>\n<meta property=\"og:url\" content=\"https:\/\/www.chocolatesmaua.com\/ca\/producto\/colombia-68\/\" \/>\n<meta property=\"og:site_name\" content=\"Chocolates Ma\u00fca\" \/>\n<meta property=\"article:modified_time\" content=\"2025-06-10T07:27:50+00:00\" \/>\n<meta property=\"og:image\" content=\"https:\/\/www.chocolatesmaua.com\/wp-content\/uploads\/2025\/03\/68_MAUA_COLOMBIA.jpg\" \/>\n\t<meta property=\"og:image:width\" content=\"960\" \/>\n\t<meta property=\"og:image:height\" content=\"960\" \/>\n\t<meta property=\"og:image:type\" content=\"image\/jpeg\" \/>\n<meta name=\"twitter:card\" content=\"summary_large_image\" \/>\n<meta name=\"twitter:label1\" content=\"Temps estimat de lectura\" \/>\n\t<meta name=\"twitter:data1\" content=\"1 minut\" \/>\n<script type=\"application\/ld+json\" class=\"yoast-schema-graph\">{\"@context\":\"https:\/\/schema.org\",\"@graph\":[{\"@type\":\"WebPage\",\"@id\":\"https:\/\/www.chocolatesmaua.com\/ca\/producto\/colombia-68\/\",\"url\":\"https:\/\/www.chocolatesmaua.com\/ca\/producto\/colombia-68\/\",\"name\":\"Colombia 68% - Chocolates Ma\u00fca\",\"isPartOf\":{\"@id\":\"https:\/\/www.chocolatesmaua.com\/ca\/#website\"},\"primaryImageOfPage\":{\"@id\":\"https:\/\/www.chocolatesmaua.com\/ca\/producto\/colombia-68\/#primaryimage\"},\"image\":{\"@id\":\"https:\/\/www.chocolatesmaua.com\/ca\/producto\/colombia-68\/#primaryimage\"},\"thumbnailUrl\":\"https:\/\/i0.wp.com\/www.chocolatesmaua.com\/wp-content\/uploads\/2025\/03\/68_MAUA_COLOMBIA.jpg?fit=960%2C960&ssl=1\",\"datePublished\":\"2025-03-19T13:53:48+00:00\",\"dateModified\":\"2025-06-10T07:27:50+00:00\",\"description\":\"Cacao: 65% granos de cacao. Con piel de lim\u00f3n confitada. Otros: 5% de manteca natural de cacao y 30% az\u00facar de ca\u00f1a sin refinar ecol\u00f3gica de Paraguay, procedente de cooperativas de Paraguay y elaborado seg\u00fan criterios de Comercio Justo.Este chocolate no contiene ni lecitina ni aromas naturales o artificiales.\",\"breadcrumb\":{\"@id\":\"https:\/\/www.chocolatesmaua.com\/ca\/producto\/colombia-68\/#breadcrumb\"},\"inLanguage\":\"ca\",\"potentialAction\":[{\"@type\":\"ReadAction\",\"target\":[\"https:\/\/www.chocolatesmaua.com\/ca\/producto\/colombia-68\/\"]}]},{\"@type\":\"ImageObject\",\"inLanguage\":\"ca\",\"@id\":\"https:\/\/www.chocolatesmaua.com\/ca\/producto\/colombia-68\/#primaryimage\",\"url\":\"https:\/\/i0.wp.com\/www.chocolatesmaua.com\/wp-content\/uploads\/2025\/03\/68_MAUA_COLOMBIA.jpg?fit=960%2C960&ssl=1\",\"contentUrl\":\"https:\/\/i0.wp.com\/www.chocolatesmaua.com\/wp-content\/uploads\/2025\/03\/68_MAUA_COLOMBIA.jpg?fit=960%2C960&ssl=1\",\"width\":960,\"height\":960},{\"@type\":\"BreadcrumbList\",\"@id\":\"https:\/\/www.chocolatesmaua.com\/ca\/producto\/colombia-68\/#breadcrumb\",\"itemListElement\":[{\"@type\":\"ListItem\",\"position\":1,\"name\":\"Portada\",\"item\":\"https:\/\/www.chocolatesmaua.com\/ca\/\"},{\"@type\":\"ListItem\",\"position\":2,\"name\":\"Tienda\",\"item\":\"https:\/\/www.chocolatesmaua.com\/tienda\/\"},{\"@type\":\"ListItem\",\"position\":3,\"name\":\"Colombia 68%\"}]},{\"@type\":\"WebSite\",\"@id\":\"https:\/\/www.chocolatesmaua.com\/ca\/#website\",\"url\":\"https:\/\/www.chocolatesmaua.com\/ca\/\",\"name\":\"Chocolates Ma\u00fca\",\"description\":\"Con lo mejor de Mallorca y del Tr\u00f3pico\",\"publisher\":{\"@id\":\"https:\/\/www.chocolatesmaua.com\/ca\/#organization\"},\"potentialAction\":[{\"@type\":\"SearchAction\",\"target\":{\"@type\":\"EntryPoint\",\"urlTemplate\":\"https:\/\/www.chocolatesmaua.com\/ca\/?s={search_term_string}\"},\"query-input\":{\"@type\":\"PropertyValueSpecification\",\"valueRequired\":true,\"valueName\":\"search_term_string\"}}],\"inLanguage\":\"ca\"},{\"@type\":\"Organization\",\"@id\":\"https:\/\/www.chocolatesmaua.com\/ca\/#organization\",\"name\":\"Chocolates Ma\u00fca\",\"url\":\"https:\/\/www.chocolatesmaua.com\/ca\/\",\"logo\":{\"@type\":\"ImageObject\",\"inLanguage\":\"ca\",\"@id\":\"https:\/\/www.chocolatesmaua.com\/ca\/#\/schema\/logo\/image\/\",\"url\":\"https:\/\/i0.wp.com\/www.chocolatesmaua.com\/wp-content\/uploads\/2021\/02\/logo-movil.png?fit=200%2C64&ssl=1\",\"contentUrl\":\"https:\/\/i0.wp.com\/www.chocolatesmaua.com\/wp-content\/uploads\/2021\/02\/logo-movil.png?fit=200%2C64&ssl=1\",\"width\":200,\"height\":64,\"caption\":\"Chocolates Ma\u00fca\"},\"image\":{\"@id\":\"https:\/\/www.chocolatesmaua.com\/ca\/#\/schema\/logo\/image\/\"}}]}<\/script>\n<!-- \/ Yoast SEO plugin. -->","yoast_head_json":{"title":"Colombia 68% - Chocolates Ma\u00fca","description":"Cacao: 65% granos de cacao. Con piel de lim\u00f3n confitada. Otros: 5% de manteca natural de cacao y 30% az\u00facar de ca\u00f1a sin refinar ecol\u00f3gica de Paraguay, procedente de cooperativas de Paraguay y elaborado seg\u00fan criterios de Comercio Justo.Este chocolate no contiene ni lecitina ni aromas naturales o artificiales.","robots":{"index":"index","follow":"follow","max-snippet":"max-snippet:-1","max-image-preview":"max-image-preview:large","max-video-preview":"max-video-preview:-1"},"canonical":"https:\/\/www.chocolatesmaua.com\/ca\/producto\/colombia-68\/","og_locale":"ca_ES","og_type":"article","og_title":"Colombia 68% - Chocolates Ma\u00fca","og_description":"Cacao: 65% granos de cacao. Con piel de lim\u00f3n confitada. Otros: 5% de manteca natural de cacao y 30% az\u00facar de ca\u00f1a sin refinar ecol\u00f3gica de Paraguay, procedente de cooperativas de Paraguay y elaborado seg\u00fan criterios de Comercio Justo.Este chocolate no contiene ni lecitina ni aromas naturales o artificiales.","og_url":"https:\/\/www.chocolatesmaua.com\/ca\/producto\/colombia-68\/","og_site_name":"Chocolates Ma\u00fca","article_modified_time":"2025-06-10T07:27:50+00:00","og_image":[{"width":960,"height":960,"url":"https:\/\/www.chocolatesmaua.com\/wp-content\/uploads\/2025\/03\/68_MAUA_COLOMBIA.jpg","type":"image\/jpeg"}],"twitter_card":"summary_large_image","twitter_misc":{"Temps estimat de lectura":"1 minut"},"schema":{"@context":"https:\/\/schema.org","@graph":[{"@type":"WebPage","@id":"https:\/\/www.chocolatesmaua.com\/ca\/producto\/colombia-68\/","url":"https:\/\/www.chocolatesmaua.com\/ca\/producto\/colombia-68\/","name":"Colombia 68% - Chocolates Ma\u00fca","isPartOf":{"@id":"https:\/\/www.chocolatesmaua.com\/ca\/#website"},"primaryImageOfPage":{"@id":"https:\/\/www.chocolatesmaua.com\/ca\/producto\/colombia-68\/#primaryimage"},"image":{"@id":"https:\/\/www.chocolatesmaua.com\/ca\/producto\/colombia-68\/#primaryimage"},"thumbnailUrl":"https:\/\/i0.wp.com\/www.chocolatesmaua.com\/wp-content\/uploads\/2025\/03\/68_MAUA_COLOMBIA.jpg?fit=960%2C960&ssl=1","datePublished":"2025-03-19T13:53:48+00:00","dateModified":"2025-06-10T07:27:50+00:00","description":"Cacao: 65% granos de cacao. Con piel de lim\u00f3n confitada. Otros: 5% de manteca natural de cacao y 30% az\u00facar de ca\u00f1a sin refinar ecol\u00f3gica de Paraguay, procedente de cooperativas de Paraguay y elaborado seg\u00fan criterios de Comercio Justo.Este chocolate no contiene ni lecitina ni aromas naturales o artificiales.","breadcrumb":{"@id":"https:\/\/www.chocolatesmaua.com\/ca\/producto\/colombia-68\/#breadcrumb"},"inLanguage":"ca","potentialAction":[{"@type":"ReadAction","target":["https:\/\/www.chocolatesmaua.com\/ca\/producto\/colombia-68\/"]}]},{"@type":"ImageObject","inLanguage":"ca","@id":"https:\/\/www.chocolatesmaua.com\/ca\/producto\/colombia-68\/#primaryimage","url":"https:\/\/i0.wp.com\/www.chocolatesmaua.com\/wp-content\/uploads\/2025\/03\/68_MAUA_COLOMBIA.jpg?fit=960%2C960&ssl=1","contentUrl":"https:\/\/i0.wp.com\/www.chocolatesmaua.com\/wp-content\/uploads\/2025\/03\/68_MAUA_COLOMBIA.jpg?fit=960%2C960&ssl=1","width":960,"height":960},{"@type":"BreadcrumbList","@id":"https:\/\/www.chocolatesmaua.com\/ca\/producto\/colombia-68\/#breadcrumb","itemListElement":[{"@type":"ListItem","position":1,"name":"Portada","item":"https:\/\/www.chocolatesmaua.com\/ca\/"},{"@type":"ListItem","position":2,"name":"Tienda","item":"https:\/\/www.chocolatesmaua.com\/tienda\/"},{"@type":"ListItem","position":3,"name":"Colombia 68%"}]},{"@type":"WebSite","@id":"https:\/\/www.chocolatesmaua.com\/ca\/#website","url":"https:\/\/www.chocolatesmaua.com\/ca\/","name":"Chocolates Ma\u00fca","description":"Con lo mejor de Mallorca y del Tr\u00f3pico","publisher":{"@id":"https:\/\/www.chocolatesmaua.com\/ca\/#organization"},"potentialAction":[{"@type":"SearchAction","target":{"@type":"EntryPoint","urlTemplate":"https:\/\/www.chocolatesmaua.com\/ca\/?s={search_term_string}"},"query-input":{"@type":"PropertyValueSpecification","valueRequired":true,"valueName":"search_term_string"}}],"inLanguage":"ca"},{"@type":"Organization","@id":"https:\/\/www.chocolatesmaua.com\/ca\/#organization","name":"Chocolates Ma\u00fca","url":"https:\/\/www.chocolatesmaua.com\/ca\/","logo":{"@type":"ImageObject","inLanguage":"ca","@id":"https:\/\/www.chocolatesmaua.com\/ca\/#\/schema\/logo\/image\/","url":"https:\/\/i0.wp.com\/www.chocolatesmaua.com\/wp-content\/uploads\/2021\/02\/logo-movil.png?fit=200%2C64&ssl=1","contentUrl":"https:\/\/i0.wp.com\/www.chocolatesmaua.com\/wp-content\/uploads\/2021\/02\/logo-movil.png?fit=200%2C64&ssl=1","width":200,"height":64,"caption":"Chocolates Ma\u00fca"},"image":{"@id":"https:\/\/www.chocolatesmaua.com\/ca\/#\/schema\/logo\/image\/"}}]}},"jetpack_sharing_enabled":true,"_links":{"self":[{"href":"https:\/\/www.chocolatesmaua.com\/ca\/wp-json\/wp\/v2\/product\/2905","targetHints":{"allow":["GET"]}}],"collection":[{"href":"https:\/\/www.chocolatesmaua.com\/ca\/wp-json\/wp\/v2\/product"}],"about":[{"href":"https:\/\/www.chocolatesmaua.com\/ca\/wp-json\/wp\/v2\/types\/product"}],"wp:featuredmedia":[{"embeddable":true,"href":"https:\/\/www.chocolatesmaua.com\/ca\/wp-json\/wp\/v2\/media\/2725"}],"wp:attachment":[{"href":"https:\/\/www.chocolatesmaua.com\/ca\/wp-json\/wp\/v2\/media?parent=2905"}],"wp:term":[{"taxonomy":"product_brand","embeddable":true,"href":"https:\/\/www.chocolatesmaua.com\/ca\/wp-json\/wp\/v2\/product_brand?post=2905"},{"taxonomy":"product_cat","embeddable":true,"href":"https:\/\/www.chocolatesmaua.com\/ca\/wp-json\/wp\/v2\/product_cat?post=2905"},{"taxonomy":"product_tag","embeddable":true,"href":"https:\/\/www.chocolatesmaua.com\/ca\/wp-json\/wp\/v2\/product_tag?post=2905"}],"curies":[{"name":"wp","href":"https:\/\/api.w.org\/{rel}","templated":true}]}}